{"id":171,"date":"2019-06-20T13:03:48","date_gmt":"2019-06-20T13:03:48","guid":{"rendered":"http:\/\/www.robinsongranados.com\/rgranados\/wordpress\/?page_id=171"},"modified":"2024-09-25T15:15:32","modified_gmt":"2024-09-25T15:15:32","slug":"consejos","status":"publish","type":"page","link":"http:\/\/www.robinsongranados.com\/rgranados\/wordpress\/consejos\/","title":{"rendered":"Consejos"},"content":{"rendered":"\n<p>Enfermedades que\ncomprometa o\u00eddos, nariz, garganta y cuello en ni\u00f1os o adultos deben ser\nvalorados por el especialista en Otorrinolaringolog\u00eda. Revise que el\nespecialista este certificado por la Sociedad Colombiana de\nOtorrinolaringolog\u00eda y los Ministerios de Educaci\u00f3n y Salud de Colombia.\nIgualmente su trayectoria profesional.<\/p>\n\n\n\n<p>&nbsp;Las\nCirug\u00edas de Nariz y Senos Paranasales le agregan el nombre de &#8220;l\u00e1ser&#8221;\ncomo sin\u00f3nimo de no sangrado, algo totalmente err\u00f3neo ya que la tecnolog\u00eda por\nvideo endoscopia es diferente y esta certificada cient\u00edficamente a nivel\nmundial como el tratamiento de elecci\u00f3n. El uso de rayos l\u00e1ser en la actualidad\ntienen un uso muy limitado.<\/p>\n\n\n\n<p>Tambi\u00e9n\npreviamente aseguran que no usaran tapones, mechas o laminas nasales, posterior\na la cirug\u00eda, pero no lo cumplen, lo cual desencadena molestias y\ncomplicaciones que pueden requerir nuevas cirug\u00edas.realizado en University of\nMiami -Jackson Memorial Hospital, USA. <\/p>\n\n\n\n<p>Seguir\npuntualmente las indicaciones del m\u00e9dico en relaci\u00f3n a los tratamientos m\u00e9dicos\ny quir\u00fargicos.<\/p>\n\n\n\n<p>Realizar las\ncirug\u00edas en cl\u00ednicas que cuenten con servicios completos, incluyendo\nlaboratorios cl\u00ednicos, bancos de sangre, cuidados intensivos. <\/p>\n\n\n\n<p>A continuaci\u00f3n\nalgunas recomendaciones para los pacientes operados de adenoides y am\u00edgdalas,\ncornetes y tabique nasal (turbinoseptoplastias) y sinusitis.<\/p>\n\n\n\n<p class=\"has-vivid-cyan-blue-color has-text-color has-link-color wp-elements-da69218e2b676153a593612748775cd8\"><strong>Adenoam\u00edgdalectomia:<\/strong><\/p>\n\n\n\n<p>Es normal\npresentar abundantes secreciones nasales con ligero sangrado los tres primeros\nd\u00edas. <\/p>\n\n\n\n<p>Puede presentar\nfiebre hasta 38\u00baC , dolor de o\u00eddo, dolor de cabeza los primeros tres d\u00edas.<\/p>\n\n\n\n<p>El primer d\u00eda de\noperado la dieta es a base de alimentos fr\u00edos (jugos, helados, gelatinas,\nmalteadas), dieta blanda, como pur\u00e9 de papas, cereal en papillas con poca sal,\ncaldos, carne molida.<\/p>\n\n\n\n<p>Del tercer d\u00eda en\nadelante puede comenzar a comer alimentos seg\u00fan tolerancia.<\/p>\n\n\n\n<p>Si presenta dolor\ntomar el analg\u00e9sico indicado previamente.<\/p>\n\n\n\n<p>Los pacientes\ndeben tomar los medicamentos indicados y asistir a control en 7 d\u00edas.<\/p>\n\n\n\n<p class=\"has-vivid-cyan-blue-color has-text-color has-link-color wp-elements-478604f58c030db084741f1af77fe0f9\"><strong>Operados de Uvulopalatoplastia<\/strong><\/p>\n\n\n\n<p>La voz puede\nvariar, tambi\u00e9n puede haber paso de l\u00edquidos hacia la nariz, formaci\u00f3n de\nplacas blancas en el paladar, esto es normal y desaparecen despu\u00e9s de 1 semana.<\/p>\n\n\n\n<p>El dolor puede\nser intenso durante los primeros d\u00edas por lo cual debe tomar los analg\u00e9sicos\nindicados por el medico. <\/p>\n\n\n\n<p>Realizar los\nenjuagues bucales varias veces al d\u00eda.<\/p>\n\n\n\n<p>La dieta es a\nbase de alimentos fr\u00edos (helados, gelatinas, jugos, hielo picado) durante los\nprimeros tres d\u00edas, luego puede ingerir alimentos blandos seg\u00fan tolerancia. <\/p>\n\n\n\n<p>Asistir al\ncontrol que se les indique.<\/p>\n\n\n\n<p class=\"has-vivid-cyan-blue-color has-text-color has-link-color wp-elements-5495f5067c9e96a93974f7cdee7b6a25\"><strong>Recomendaciones Generales<\/strong>:<\/p>\n\n\n\n<p><strong>&#8211;<\/strong>Evitar cambios bruscos de temperatura<br><strong>&#8211;<\/strong>Evitar humo, cigarrillos, etc.<br><strong>&#8211;<\/strong>Evitar ba\u00f1o de piscinas, sauna, etc.<br><strong>&#8211;<\/strong>No hacer gimnasia, ni practicar deportes que demanden gran esfuerzo f\u00edsico durante las primeras 2 semanas.<br><strong>&#8211;<\/strong>Comunicarse con el M\u00e9dico o Cl\u00ednica ante cualquier inquietud emergencia.<br><strong>&#8211;<\/strong>Recuerde que los comentarios hechos por personas ajenas al personal m\u00e9dico carecen de relevancia cient\u00edfica.<\/p>\n","protected":false},"excerpt":{"rendered":"<p>Enfermedades que comprometa o\u00eddos, nariz, garganta y cuello en ni\u00f1os o adultos deben ser valorados por el especialista en Otorrinolaringolog\u00eda. Revise que el especialista este certificado por la Sociedad Colombiana de Otorrinolaringolog\u00eda y los Ministerios de Educaci\u00f3n y Salud de Colombia. Igualmente su trayectoria profesional. &nbsp;Las Cirug\u00edas de Nariz y Senos Paranasales le agregan el [&hellip;]<\/p>\n","protected":false},"author":1,"featured_media":0,"parent":0,"menu_order":0,"comment_status":"closed","ping_status":"closed","template":"","meta":{"footnotes":""},"class_list":["post-171","page","type-page","status-publish","hentry"],"_links":{"self":[{"href":"http:\/\/www.robinsongranados.com\/rgranados\/wordpress\/wp-json\/wp\/v2\/pages\/171"}],"collection":[{"href":"http:\/\/www.robinsongranados.com\/rgranados\/wordpress\/wp-json\/wp\/v2\/pages"}],"about":[{"href":"http:\/\/www.robinsongranados.com\/rgranados\/wordpress\/wp-json\/wp\/v2\/types\/page"}],"author":[{"embeddable":true,"href":"http:\/\/www.robinsongranados.com\/rgranados\/wordpress\/wp-json\/wp\/v2\/users\/1"}],"replies":[{"embeddable":true,"href":"http:\/\/www.robinsongranados.com\/rgranados\/wordpress\/wp-json\/wp\/v2\/comments?post=171"}],"version-history":[{"count":2,"href":"http:\/\/www.robinsongranados.com\/rgranados\/wordpress\/wp-json\/wp\/v2\/pages\/171\/revisions"}],"predecessor-version":[{"id":416,"href":"http:\/\/www.robinsongranados.com\/rgranados\/wordpress\/wp-json\/wp\/v2\/pages\/171\/revisions\/416"}],"wp:attachment":[{"href":"http:\/\/www.robinsongranados.com\/rgranados\/wordpress\/wp-json\/wp\/v2\/media?parent=171"}],"curies":[{"name":"wp","href":"https:\/\/api.w.org\/{rel}","templated":true}]}}