{"id":200,"date":"2019-06-20T17:20:54","date_gmt":"2019-06-20T17:20:54","guid":{"rendered":"http:\/\/www.robinsongranados.com\/rgranados\/wordpress\/?page_id=200"},"modified":"2019-06-20T17:23:38","modified_gmt":"2019-06-20T17:23:38","slug":"cirugia-de-obstruccion-nasal-y-sinusitis","status":"publish","type":"page","link":"http:\/\/www.robinsongranados.com\/rgranados\/wordpress\/cirugia-de-obstruccion-nasal-y-sinusitis\/","title":{"rendered":"Cirug\u00eda de Obstrucci\u00f3n nasal y Sinusitis"},"content":{"rendered":"\n<p>  <\/p>\n\n\n\n<p>La cirug\u00eda que se utiliza en la\nactualidad se denomina: \u201ccirug\u00eda videoendosc\u00f3pica funcional rinosinusal\u201d.<\/p>\n\n\n\n<ul class=\"wp-block-list\"><li>Se&nbsp; realiza bajo&nbsp;<a href=\"http:\/\/www.cechin.com.ar\/anestesia\">anestesia general<\/a><\/li><li>Se realiza &nbsp;en forma ambulatoria<\/li><li>Se   utiliza tecnolog\u00eda videoendoscopica&nbsp; (igual tecnolog\u00eda que se utiliza para la cirug\u00eda laparosc\u00f3pica)  haci\u00e9ndola mas precisa menos traumatica<\/li><li>No deja cicatrices debido a que se realiza por orificios naturales de las      fosas nasales<\/li><li>Requiere  reposo posoperatorio corto.<\/li><li>El posoperatorio no es doloroso, poco molesto      no se usan&nbsp; tapones nasales.<\/li><li>Se usa microdebridador con lo cual mejora el      corte ocasionando minimo trauma y sangrado sobre el tejido sano<\/li><li>Se usa Navegador computarizado en los casos q      lo requieran (variantes anatom\u00edcas reintervenciones fistulas de liquido      cefaloraquideo y tumores)&nbsp; con lo      cual se evitan complicaciones y mejoran los resultados.<\/li><\/ul>\n","protected":false},"excerpt":{"rendered":"<p>La cirug\u00eda que se utiliza en la actualidad se denomina: \u201ccirug\u00eda videoendosc\u00f3pica funcional rinosinusal\u201d. Se&nbsp; realiza bajo&nbsp;anestesia general Se realiza &nbsp;en forma ambulatoria Se utiliza tecnolog\u00eda videoendoscopica&nbsp; (igual tecnolog\u00eda que se utiliza para la cirug\u00eda laparosc\u00f3pica) haci\u00e9ndola mas precisa menos traumatica No deja cicatrices debido a que se realiza por orificios naturales de las fosas [&hellip;]<\/p>\n","protected":false},"author":1,"featured_media":202,"parent":0,"menu_order":0,"comment_status":"closed","ping_status":"closed","template":"","meta":{"footnotes":""},"class_list":["post-200","page","type-page","status-publish","has-post-thumbnail","hentry"],"_links":{"self":[{"href":"http:\/\/www.robinsongranados.com\/rgranados\/wordpress\/wp-json\/wp\/v2\/pages\/200"}],"collection":[{"href":"http:\/\/www.robinsongranados.com\/rgranados\/wordpress\/wp-json\/wp\/v2\/pages"}],"about":[{"href":"http:\/\/www.robinsongranados.com\/rgranados\/wordpress\/wp-json\/wp\/v2\/types\/page"}],"author":[{"embeddable":true,"href":"http:\/\/www.robinsongranados.com\/rgranados\/wordpress\/wp-json\/wp\/v2\/users\/1"}],"replies":[{"embeddable":true,"href":"http:\/\/www.robinsongranados.com\/rgranados\/wordpress\/wp-json\/wp\/v2\/comments?post=200"}],"version-history":[{"count":2,"href":"http:\/\/www.robinsongranados.com\/rgranados\/wordpress\/wp-json\/wp\/v2\/pages\/200\/revisions"}],"predecessor-version":[{"id":206,"href":"http:\/\/www.robinsongranados.com\/rgranados\/wordpress\/wp-json\/wp\/v2\/pages\/200\/revisions\/206"}],"wp:featuredmedia":[{"embeddable":true,"href":"http:\/\/www.robinsongranados.com\/rgranados\/wordpress\/wp-json\/wp\/v2\/media\/202"}],"wp:attachment":[{"href":"http:\/\/www.robinsongranados.com\/rgranados\/wordpress\/wp-json\/wp\/v2\/media?parent=200"}],"curies":[{"name":"wp","href":"https:\/\/api.w.org\/{rel}","templated":true}]}}