{"id":215,"date":"2019-06-20T17:41:06","date_gmt":"2019-06-20T17:41:06","guid":{"rendered":"http:\/\/www.robinsongranados.com\/rgranados\/wordpress\/?page_id=215"},"modified":"2024-09-25T15:40:48","modified_gmt":"2024-09-25T15:40:48","slug":"servicios-2","status":"publish","type":"page","link":"http:\/\/www.robinsongranados.com\/rgranados\/wordpress\/servicios-2\/","title":{"rendered":"Servicios"},"content":{"rendered":"El Dr. Robinson Granados Mayorga, tiene ubicado el consultorio m\u00e9dico en la\nCl\u00ednica PortoAzul, el m\u00e1s moderna y completo centro m\u00e9dico de la costa norte y\ndel caribe. Ofrece tecnolog\u00eda avanzada en el diagn\u00f3stico y tratamiento de las\nenfermedades de o\u00eddos, nariz, garganta y cuello, en ni\u00f1os y adultos . Es\nreconocido ampliamente por nuestros pacientes de Colombia, el Caribe y Estados\nUnidos. La atenci\u00f3n es personalizada, cuenta con salas de espera externas e\ninternas con circuito cerrado de TV, Aire Acondicionado Central, las historias\ncl\u00ednicas est\u00e1n totalmente sistematizadas, los ex\u00e1menes se llevan a cabo por\nvideo endoscopia y son grabados digitalmente. Dentro de los ex\u00e1menes\npracticados en consulta tenemos.\n\n<!-- \/wp:paragraph --><!-- wp:paragraph -->\n\nEl Dr ROBINSON GRANADOS es Miembro Titular de las siguientes sociedades:\n\n<!-- \/wp:paragraph --><!-- wp:paragraph -->\n\nSociedad Colombiana de Otorrinolaringolog\u00eda y Cirug\u00eda de Cabeza y Cuello.\n\n<!-- \/wp:paragraph --><!-- wp:paragraph -->\n\nAmerican Academy Otolaryngology Head and Neck Surgery.\n\n<!-- \/wp:paragraph --><!-- wp:paragraph -->\n\nInteramerican Association of Pediatric Otorhinolaryngology.\n\n<!-- \/wp:paragraph --><!-- wp:paragraph -->\n\nAmerican Rhinologic Society\n\n<!-- \/wp:paragraph --><!-- wp:paragraph -->\n\nAsiste a las actividades cient\u00edficas de las Sociedades anteriores\n(Congresos, Simposios, Cursos).\n\n<!-- \/wp:paragraph --><!-- wp:paragraph -->\n\nHa sido invitado a numerosos eventos nacionales e internacionales.\n\n<!-- \/wp:paragraph --><!-- wp:paragraph -->\n\n<strong>Misi\u00f3n<\/strong>\n\n<!-- \/wp:paragraph --><!-- wp:paragraph -->\n\nOfrecer en OTORRINOLARINGOLOGIA el mas alto nivel cientifico en la\nprevenci\u00f3n, diagn\u00f3stico y tratamiento de las enfermedades de Nariz- Senos\nParanasales Faringe, Laringe, Ronquidos, Trastornos Respiratorios del Sue\u00f1o, Cirugia de ronquidos y Apnea del sue\u00f1o,\nO\u00eddos y Problemas Auditivos . Estamos a la vanguardia de los ultimos avances al\nestar vinculados con las sociedades cientificas mas importantes del mundo,\nademas de ejercer en el centro m\u00e9dico y cl\u00ednica m\u00e1s completos y modernos de la\nregion caribe y de contar con equipos de \u00faltima generaci\u00f3n.\n\n<!-- \/wp:paragraph --><!-- wp:paragraph -->\n\n<strong>Visi\u00f3n<\/strong>\n\n<!-- \/wp:paragraph --><!-- wp:paragraph -->\n\nSeguir ofreciendo los ultimos avances en la especialidad de\notorrinolaringolog\u00eda los cuales pueden ser desarrollados en la Cl\u00ednica\nPortoazul, donde contamos con la \u00faltima tecnolog\u00eda m\u00e9dico cient\u00edfica a nivel\nmundial .\n\n<!-- \/wp:paragraph --><!-- wp:paragraph -->\n\nEquipo de trabajo\n\n<!-- \/wp:paragraph --><!-- wp:paragraph -->\n\n<strong>GRUPO M\u00c9DICO<\/strong>\n\n<!-- \/wp:paragraph --><!-- wp:paragraph -->\n\n<strong>ANESTESIOLOGOS<\/strong>\n\n<!-- \/wp:paragraph --><!-- wp:paragraph -->\n\nDra. Diana Pombo\nDr. Andres Vi\u00f1as\n\n<!-- \/wp:paragraph --><!-- wp:paragraph -->\n\n<!-- \/wp:paragraph --><!-- wp:paragraph -->\n\n<strong>INSTRUMENTADORAS<\/strong>\n\n<!-- \/wp:paragraph --><!-- wp:paragraph -->\n\nLic. Diana Agudelo\nLic. Heidy Mendoza\nLic. Erika Monterosa\n\n<!-- \/wp:paragraph --><!-- wp:paragraph -->\n\n<!-- \/wp:paragraph --><!-- wp:paragraph -->\n\n<!-- \/wp:paragraph --><!-- wp:paragraph -->\n\n<strong>ENFERMERAS<\/strong>\n\n<!-- \/wp:paragraph --><!-- wp:paragraph -->\n\nRosario Berdugo\nMiryam Pital\u00faa\nM\u00f3nica Pino\n\n<!-- \/wp:paragraph --><!-- wp:paragraph -->\n\n<!-- \/wp:paragraph --><!-- wp:paragraph -->\n\n<!-- \/wp:paragraph -->\n\n<!--EndFragment-->","protected":false},"excerpt":{"rendered":"<p>El Dr. Robinson Granados Mayorga, tiene ubicado el consultorio m\u00e9dico en la Cl\u00ednica PortoAzul, el m\u00e1s moderna y completo centro m\u00e9dico de la costa norte y del caribe. Ofrece tecnolog\u00eda avanzada en el diagn\u00f3stico y tratamiento de las enfermedades de o\u00eddos, nariz, garganta y cuello, en ni\u00f1os y adultos . Es reconocido ampliamente por nuestros [&hellip;]<\/p>\n","protected":false},"author":1,"featured_media":0,"parent":0,"menu_order":0,"comment_status":"closed","ping_status":"closed","template":"template-our-treatment-gallery.php","meta":{"footnotes":""},"class_list":["post-215","page","type-page","status-publish","hentry"],"_links":{"self":[{"href":"http:\/\/www.robinsongranados.com\/rgranados\/wordpress\/wp-json\/wp\/v2\/pages\/215"}],"collection":[{"href":"http:\/\/www.robinsongranados.com\/rgranados\/wordpress\/wp-json\/wp\/v2\/pages"}],"about":[{"href":"http:\/\/www.robinsongranados.com\/rgranados\/wordpress\/wp-json\/wp\/v2\/types\/page"}],"author":[{"embeddable":true,"href":"http:\/\/www.robinsongranados.com\/rgranados\/wordpress\/wp-json\/wp\/v2\/users\/1"}],"replies":[{"embeddable":true,"href":"http:\/\/www.robinsongranados.com\/rgranados\/wordpress\/wp-json\/wp\/v2\/comments?post=215"}],"version-history":[{"count":4,"href":"http:\/\/www.robinsongranados.com\/rgranados\/wordpress\/wp-json\/wp\/v2\/pages\/215\/revisions"}],"predecessor-version":[{"id":418,"href":"http:\/\/www.robinsongranados.com\/rgranados\/wordpress\/wp-json\/wp\/v2\/pages\/215\/revisions\/418"}],"wp:attachment":[{"href":"http:\/\/www.robinsongranados.com\/rgranados\/wordpress\/wp-json\/wp\/v2\/media?parent=215"}],"curies":[{"name":"wp","href":"https:\/\/api.w.org\/{rel}","templated":true}]}}